{"id":88,"date":"2022-03-26T07:32:15","date_gmt":"2022-03-26T07:32:15","guid":{"rendered":"https:\/\/saentis-expo02-kreuz.ch\/?page_id=88"},"modified":"2022-03-29T07:12:34","modified_gmt":"2022-03-29T07:12:34","slug":"88-2","status":"publish","type":"page","link":"https:\/\/saentis-expo02-kreuz.ch\/?page_id=88","title":{"rendered":"Einweihung Expo.02 Kreuz"},"content":{"rendered":"<p>[et_pb_section fb_built=&#8220;1&#8243; _builder_version=&#8220;4.15&#8243; global_colors_info=&#8220;{}&#8220;][et_pb_row make_equal=&#8220;on&#8220; _builder_version=&#8220;4.15.1&#8243; _module_preset=&#8220;default&#8220; global_colors_info=&#8220;{}&#8220;][et_pb_column type=&#8220;4_4&#8243; _builder_version=&#8220;4.15.1&#8243; _module_preset=&#8220;default&#8220; global_colors_info=&#8220;{}&#8220;][et_pb_image src=&#8220;https:\/\/saentis-expo02-kreuz.ch\/wp-content\/uploads\/2022\/03\/Gedenktafel-Gebetskreuzfenster-Saentis.jpg&#8220; title_text=&#8220;Gedenktafel Gebetskreuzfenster S\u00e4ntis&#8220; _builder_version=&#8220;4.15.1&#8243; _module_preset=&#8220;default&#8220; global_colors_info=&#8220;{}&#8220;][\/et_pb_image][et_pb_text _builder_version=&#8220;4.15.1&#8243; _module_preset=&#8220;default&#8220; global_colors_info=&#8220;{}&#8220;][\/et_pb_text][\/et_pb_column][\/et_pb_row][et_pb_row _builder_version=&#8220;4.15.1&#8243; _module_preset=&#8220;default&#8220; global_colors_info=&#8220;{}&#8220;][et_pb_column type=&#8220;4_4&#8243; _builder_version=&#8220;4.15.1&#8243; _module_preset=&#8220;default&#8220; global_colors_info=&#8220;{}&#8220;][et_pb_text _builder_version=&#8220;4.15.1&#8243; _module_preset=&#8220;default&#8220; global_colors_info=&#8220;{}&#8220;]<\/p>\n<h1><strong>Feierliche Einweihung des Expo.02 Kreuzes auf dem S\u00e4ntisgipfel am 30. April 2003<\/strong><\/h1>\n<p>[\/et_pb_text][et_pb_text _builder_version=&#8220;4.15.1&#8243; _module_preset=&#8220;default&#8220; hover_enabled=&#8220;0&#8243; global_colors_info=&#8220;{}&#8220; sticky_enabled=&#8220;0&#8243;]<\/p>\n<p>Mit Vertretern aus Politik, Beh\u00f6rden, Wirtschaft, Kirche, Kultur, Soziales und <a href=\"https:\/\/saentisbahn.ch\/\" target=\"_blank\" rel=\"noopener\">S\u00e4ntis-Schwebebahn AG<\/a>, fand am 30. April 2003 ab 18.00 Uhr eine w\u00fcrdige und ehrenvolle Einweihung des Kreuz-Gebetsfenstern von der Expo.02 statt. Nachfolgend ein noch erhaltender Zeitungsartikel davon.<\/p>\n<p>[\/et_pb_text][\/et_pb_column][\/et_pb_row][et_pb_row _builder_version=&#8220;4.15&#8243; background_size=&#8220;initial&#8220; background_position=&#8220;top_left&#8220; background_repeat=&#8220;repeat&#8220; global_colors_info=&#8220;{}&#8220;][et_pb_column type=&#8220;4_4&#8243; _builder_version=&#8220;4.15&#8243; custom_padding=&#8220;|||&#8220; global_colors_info=&#8220;{}&#8220; custom_padding__hover=&#8220;|||&#8220;][et_pb_image src=&#8220;https:\/\/saentis-expo02-kreuz.ch\/wp-content\/uploads\/2022\/03\/St.Galler-Tagblatt-2.5.2003.jpg&#8220; title_text=&#8220;St.Galler Tagblatt 2.5.2003&#8243; align=&#8220;center&#8220; _builder_version=&#8220;4.15.1&#8243; _module_preset=&#8220;default&#8220; width=&#8220;100%&#8220; module_alignment=&#8220;right&#8220; min_height=&#8220;669.9px&#8220; global_colors_info=&#8220;{}&#8220;][\/et_pb_image][\/et_pb_column][\/et_pb_row][\/et_pb_section][et_pb_section fb_built=&#8220;1&#8243; _builder_version=&#8220;4.15&#8243; global_colors_info=&#8220;{}&#8220;][\/et_pb_section]<\/p>\n","protected":false},"excerpt":{"rendered":"<p>Feierliche Einweihung des Expo.02 Kreuzes auf dem S\u00e4ntisgipfel am 30. April 2003Mit Vertretern aus Politik, Beh\u00f6rden, Wirtschaft, Kirche, Kultur, Soziales und S\u00e4ntis-Schwebebahn AG, fand am 30. April 2003 ab 18.00 Uhr eine w\u00fcrdige und ehrenvolle Einweihung des Kreuz-Gebetsfenstern von der Expo.02 statt. Nachfolgend ein noch erhaltender Zeitungsartikel davon.<\/p>\n","protected":false},"author":2,"featured_media":0,"parent":0,"menu_order":0,"comment_status":"closed","ping_status":"closed","template":"","meta":{"_et_pb_use_builder":"on","_et_pb_old_content":"","_et_gb_content_width":"","footnotes":""},"class_list":["post-88","page","type-page","status-publish","hentry"],"_links":{"self":[{"href":"https:\/\/saentis-expo02-kreuz.ch\/index.php?rest_route=\/wp\/v2\/pages\/88","targetHints":{"allow":["GET"]}}],"collection":[{"href":"https:\/\/saentis-expo02-kreuz.ch\/index.php?rest_route=\/wp\/v2\/pages"}],"about":[{"href":"https:\/\/saentis-expo02-kreuz.ch\/index.php?rest_route=\/wp\/v2\/types\/page"}],"author":[{"embeddable":true,"href":"https:\/\/saentis-expo02-kreuz.ch\/index.php?rest_route=\/wp\/v2\/users\/2"}],"replies":[{"embeddable":true,"href":"https:\/\/saentis-expo02-kreuz.ch\/index.php?rest_route=%2Fwp%2Fv2%2Fcomments&post=88"}],"version-history":[{"count":12,"href":"https:\/\/saentis-expo02-kreuz.ch\/index.php?rest_route=\/wp\/v2\/pages\/88\/revisions"}],"predecessor-version":[{"id":173,"href":"https:\/\/saentis-expo02-kreuz.ch\/index.php?rest_route=\/wp\/v2\/pages\/88\/revisions\/173"}],"wp:attachment":[{"href":"https:\/\/saentis-expo02-kreuz.ch\/index.php?rest_route=%2Fwp%2Fv2%2Fmedia&parent=88"}],"curies":[{"name":"wp","href":"https:\/\/api.w.org\/{rel}","templated":true}]}}