{"id":67,"date":"2022-03-25T15:07:13","date_gmt":"2022-03-25T15:07:13","guid":{"rendered":"https:\/\/saentis-expo02-kreuz.ch\/?page_id=67"},"modified":"2022-04-28T10:59:42","modified_gmt":"2022-04-28T10:59:42","slug":"67-2","status":"publish","type":"page","link":"https:\/\/saentis-expo02-kreuz.ch\/?page_id=67","title":{"rendered":"Expo.02 Kreuz &#038; S\u00e4ntis"},"content":{"rendered":"<p>[et_pb_section fb_built=&#8220;1&#8243; _builder_version=&#8220;4.15&#8243; global_colors_info=&#8220;{}&#8220;][et_pb_row _builder_version=&#8220;4.15&#8243; background_size=&#8220;initial&#8220; background_position=&#8220;top_left&#8220; background_repeat=&#8220;repeat&#8220; global_colors_info=&#8220;{}&#8220;][et_pb_column type=&#8220;4_4&#8243; _builder_version=&#8220;4.15&#8243; custom_padding=&#8220;|||&#8220; global_colors_info=&#8220;{}&#8220; custom_padding__hover=&#8220;|||&#8220;][et_pb_image src=&#8220;https:\/\/saentis-expo02-kreuz.ch\/wp-content\/uploads\/2022\/03\/Auflegen-Gebetsscherben-scaled.jpg&#8220; title_text=&#8220;Auflegen Gebetsscherben&#8220; align=&#8220;center&#8220; _builder_version=&#8220;4.15.1&#8243; _module_preset=&#8220;default&#8220; global_colors_info=&#8220;{}&#8220;][\/et_pb_image][\/et_pb_column][\/et_pb_row][\/et_pb_section][et_pb_section fb_built=&#8220;1&#8243; _builder_version=&#8220;4.15&#8243; global_colors_info=&#8220;{}&#8220;][et_pb_row _builder_version=&#8220;4.15.1&#8243; _module_preset=&#8220;default&#8220; global_colors_info=&#8220;{}&#8220;][et_pb_column type=&#8220;4_4&#8243; _builder_version=&#8220;4.15.1&#8243; _module_preset=&#8220;default&#8220; global_colors_info=&#8220;{}&#8220;][et_pb_text _builder_version=&#8220;4.15.1&#8243; _module_preset=&#8220;default&#8220; global_colors_info=&#8220;{}&#8220;]<\/p>\n<h1><strong>Das Expo.02 Kreuz auf dem S\u00e4ntis<\/strong><\/h1>\n<p>[\/et_pb_text][et_pb_text _builder_version=&#8220;4.15.1&#8243; _module_preset=&#8220;default&#8220; global_colors_info=&#8220;{}&#8220;]<\/p>\n<h3><span>Die Entstehung des Expo.02 Kreuzes<\/span><\/h3>\n<p>Paul Roduner, damals Gemeindediakon von Evangelisch-reformierten Kirchgemeinde Z\u00fcrich-Altstetten, lancierte am 25. August 1997 ein Montags-F\u00fcrbittegebet f\u00fcr Arbeitslose und allgemein Randst\u00e4ndige in der Gesellschaft der Schweiz. Nebst einer brennenden Kerze, als Zeichen f\u00fcr Christus, dem Licht in jede so dunkle Lebenslage hinein, einem Gebetsbuch, in das die F\u00fcrbitten eingetragen wurden, stellte die\u00a0 F\u00fcrbittergruppe jeweils eine farbige Glasscherbe mit dem jeweiligen Datum versehen auf den Taufstein in der Kirche. Damit wollten sie auf die D\u00fcnnheutigkeit und Zerbrechlichkeit von existenziell Bedrohten hinweisen und sie so in Erinnerung rufen.<\/p>\n<p>\u00dcber die w\u00f6chentlichen F\u00fcrbitte-Treffen und die Jahre hinweg, kamen somit einige farbige Glasscherben zusammen. Daraus entstand die Idee, mit den farbenen Glasscherben, zusammengelegt im weissen Kreuz auf rotem Grund, k\u00f6nnte dem altgedienten Schweizerkreuz zu mehr Profil verhelfen. Denn dieses symbolisiert das Christentum mit Christus am Kreuz, was schon die alten Eidgenossen als gemeinsames Feldzeichen trugen und ihnen mit Gottes Hilfe Schutz und Frieden geben sollte. &#8211; Und daraus entstand das Kreuz in Form eines Gebetsfensters.<\/p>\n<p>Wo sollte nun dieses Kreuz-Gebetsfenster einen w\u00fcrdigen Platz finden? Diese Frage bewegte das F\u00fcrbitter-Team und empfand, dass daf\u00fcr die bevorstehende Expo.02 der richtige Ort sei. <a href=\"https:\/\/saentis-expo02-kreuz.ch\/wp-content\/uploads\/2022\/04\/Expo.02-Kreuz-Auftritt-in-Murten-NZZ-16.09.2002.pdf\" target=\"_blank\" rel=\"noopener\">Nach etlichen Bem\u00fchungen gelang es dann, dass das Kreuz-Gebetsfenster am Buss- und Bettags-Gottesdienst auf der Arteplage in Murten am 15. September 2002 seinen Auftritt zur Ehre Gottes und im Gedenken an die Randst\u00e4ndigen in der Schweiz hatte.<\/a><\/p>\n<p>[\/et_pb_text][et_pb_text _builder_version=&#8220;4.15.1&#8243; _module_preset=&#8220;default&#8220; hover_enabled=&#8220;0&#8243; global_colors_info=&#8220;{}&#8220; sticky_enabled=&#8220;0&#8243;]<\/p>\n<h3><span>Wie kam es zum Expo.02 Kreuz auf dem S\u00e4ntis?<\/span><\/h3>\n<p><a href=\"https:\/\/saentisbahn.ch\/\" target=\"_blank\" rel=\"noopener\">S\u00e4ntis-Schwebebahn AG<\/a> lancierte in Zusammenarbeit mit <a href=\"https:\/\/www.beyond-gold.org\/de\/ueber-uns\" target=\"_blank\" rel=\"noopener\">Jacqueline Walcher-Schneider<\/a> (ehemals Schneider), Wellbeing-Expertin, Diplomgewinnerin an Olympiaden und an Weltmeisterschaften sowie 14-fache Schweizer Meisterin im Wasserspringen, ab Herbst\/Winter 2002 ein Wellbeing-G\u00e4steprogramm auf dem S\u00e4ntis und der Schw\u00e4galp. In dieser Zeit trat sie am 15. September 2002, dem Buss- und Bettag der Schweiz, als Stargast des Vereins Schweizer Kirchen (14 Kirchen &amp; Organisationen) an der Expo.02 auf der Arteplage in Murten auf. Zu diesem Tag hatte die evangelische Kirche Z\u00fcrich-Altst\u00e4tten ein Glas-Gebetsfenster in Form eines Schweizer Kreuzes von 3 x 3 m geschaffen. Dieses setzte sich aus einzelnen Glasscherben mit\u00a0 F\u00fcrbitten f\u00fcr soziale Randgruppen in der Schweiz \u00fcber die Zeitdauer von 5 Jahren zusammen.\u00a0 Mit Gottes Hilfe sollte zur\u00a0 gelebten Solidarit\u00e4t mit ihnen aufgerufen werden.<\/p>\n<p><a href=\"https:\/\/pathos.ch\" target=\"_blank\" rel=\"noopener\">Franz With<\/a>, der damalige Gesch\u00e4ftspartner von Jacqueline Walcher-Schneider, bekam dabei den Gedanken, diesem Expo.02 Kreuz, dass am Buss- und Bettag an der Schweizer Landesausstellung war, die vom 15.5.-20.10.2002 dauerte, eine bleibende St\u00e4tte zu erm\u00f6glichen. Da eine Zusammenarbeit mit S\u00e4ntis-Schwebebahn AG begonnen hatte, erfolgte der Vorschlag, dieses Expo.02 Kreuz auf den S\u00e4ntisgipfel zu bringen. Denn Berggipfel-Kreuze sind bekanntlich weit verbreitet und ein solch spezielles, einzigartiges Kreuz auf dem S\u00e4ntis zu haben, war etwas ganz Besonderes. Die Idee fand beim Verwaltungsrat von S\u00e4ntis-Schwebebahn AG von Beginn weg grossen Anklang. So sorgten Jacqueline Walcher-Schneider und Franz With daf\u00fcr, dass das Expo.02 Kreuz am 3. November 2002 auf den S\u00e4ntisgipfel kommen durfte. Ein Geschenk an S\u00e4ntis-Schwebebahn AG und ein Wahrzeichen zur Ehre Gottes f\u00fcr die Schweiz.<\/p>\n<p>[\/et_pb_text][\/et_pb_column][\/et_pb_row][et_pb_row make_equal=&#8220;on&#8220; _builder_version=&#8220;4.15.1&#8243; _module_preset=&#8220;default&#8220; global_colors_info=&#8220;{}&#8220;][et_pb_column type=&#8220;4_4&#8243; _builder_version=&#8220;4.15.1&#8243; _module_preset=&#8220;default&#8220; global_colors_info=&#8220;{}&#8220;][et_pb_image src=&#8220;https:\/\/saentis-expo02-kreuz.ch\/wp-content\/uploads\/2022\/03\/Katalog-Saentis-mit-Jacqueline-Schneider.png&#8220; title_text=&#8220;Katalog S\u00e4ntis mit Jacqueline Schneider&#8220; align=&#8220;center&#8220; _builder_version=&#8220;4.15.1&#8243; _module_preset=&#8220;default&#8220; global_colors_info=&#8220;{}&#8220;][\/et_pb_image][et_pb_text _builder_version=&#8220;4.15.1&#8243; _module_preset=&#8220;default&#8220; global_colors_info=&#8220;{}&#8220;]<\/p>\n<p style=\"text-align: center;\">Auszug aus dem damaligen G\u00e4steprospekt von S\u00e4ntis Schwebebahn AG mit Jacqueline Walcher-Schneider.<\/p>\n<p>[\/et_pb_text][\/et_pb_column][\/et_pb_row][\/et_pb_section]<\/p>\n","protected":false},"excerpt":{"rendered":"<p>Das Expo.02 Kreuz auf dem S\u00e4ntisDie Entstehung des Expo.02 Kreuzes Paul Roduner, damals Gemeindediakon von Evangelisch-reformierten Kirchgemeinde Z\u00fcrich-Altstetten, lancierte am 25. August 1997 ein Montags-F\u00fcrbittegebet f\u00fcr Arbeitslose und allgemein Randst\u00e4ndige in der Gesellschaft der Schweiz. Nebst einer brennenden Kerze, als Zeichen f\u00fcr Christus, dem Licht in jede so dunkle Lebenslage hinein, einem Gebetsbuch, in das [&hellip;]<\/p>\n","protected":false},"author":2,"featured_media":0,"parent":0,"menu_order":0,"comment_status":"closed","ping_status":"closed","template":"","meta":{"_et_pb_use_builder":"on","_et_pb_old_content":"","_et_gb_content_width":"","footnotes":""},"class_list":["post-67","page","type-page","status-publish","hentry"],"_links":{"self":[{"href":"https:\/\/saentis-expo02-kreuz.ch\/index.php?rest_route=\/wp\/v2\/pages\/67","targetHints":{"allow":["GET"]}}],"collection":[{"href":"https:\/\/saentis-expo02-kreuz.ch\/index.php?rest_route=\/wp\/v2\/pages"}],"about":[{"href":"https:\/\/saentis-expo02-kreuz.ch\/index.php?rest_route=\/wp\/v2\/types\/page"}],"author":[{"embeddable":true,"href":"https:\/\/saentis-expo02-kreuz.ch\/index.php?rest_route=\/wp\/v2\/users\/2"}],"replies":[{"embeddable":true,"href":"https:\/\/saentis-expo02-kreuz.ch\/index.php?rest_route=%2Fwp%2Fv2%2Fcomments&post=67"}],"version-history":[{"count":21,"href":"https:\/\/saentis-expo02-kreuz.ch\/index.php?rest_route=\/wp\/v2\/pages\/67\/revisions"}],"predecessor-version":[{"id":182,"href":"https:\/\/saentis-expo02-kreuz.ch\/index.php?rest_route=\/wp\/v2\/pages\/67\/revisions\/182"}],"wp:attachment":[{"href":"https:\/\/saentis-expo02-kreuz.ch\/index.php?rest_route=%2Fwp%2Fv2%2Fmedia&parent=67"}],"curies":[{"name":"wp","href":"https:\/\/api.w.org\/{rel}","templated":true}]}}