{"id":33,"date":"2022-03-25T08:39:37","date_gmt":"2022-03-25T08:39:37","guid":{"rendered":"https:\/\/saentis-expo02-kreuz.ch\/?page_id=33"},"modified":"2022-03-28T20:53:40","modified_gmt":"2022-03-28T20:53:40","slug":"die-expo-der-schweiz","status":"publish","type":"page","link":"https:\/\/saentis-expo02-kreuz.ch\/?page_id=33","title":{"rendered":"Die Expo der Schweiz"},"content":{"rendered":"<p>[et_pb_section fb_built=&#8220;1&#8243; _builder_version=&#8220;4.15&#8243; global_colors_info=&#8220;{}&#8220;][et_pb_row _builder_version=&#8220;4.15&#8243; background_size=&#8220;initial&#8220; background_position=&#8220;top_left&#8220; background_repeat=&#8220;repeat&#8220; global_colors_info=&#8220;{}&#8220;][et_pb_column type=&#8220;4_4&#8243; _builder_version=&#8220;4.15&#8243; custom_padding=&#8220;|||&#8220; global_colors_info=&#8220;{}&#8220; custom_padding__hover=&#8220;|||&#8220;][et_pb_image src=&#8220;https:\/\/saentis-expo02-kreuz.ch\/wp-content\/uploads\/2022\/03\/Monolith-Murten-Expo02.png&#8220; title_text=&#8220;Monolith Murten Expo02&#8243; align=&#8220;center&#8220; _builder_version=&#8220;4.15.1&#8243; _module_preset=&#8220;default&#8220; hover_enabled=&#8220;0&#8243; global_colors_info=&#8220;{}&#8220; sticky_enabled=&#8220;0&#8243;][\/et_pb_image][et_pb_text _builder_version=&#8220;4.15.1&#8243; _module_preset=&#8220;default&#8220; custom_margin=&#8220;||2px|||&#8220; hover_enabled=&#8220;0&#8243; global_colors_info=&#8220;{}&#8220; sticky_enabled=&#8220;0&#8243;]<\/p>\n<p><span>Ein riesiger Monolith aus rostigem Metall auf dem Murtensee: Skulptur von Jean Nouvel an der Expo.02. \u00a9 N\u00fcssli (Schweiz) AG \u00a9 N\u00fcssli (Schweiz) AG<\/span><\/p>\n<p>[\/et_pb_text][\/et_pb_column][\/et_pb_row][\/et_pb_section][et_pb_section fb_built=&#8220;1&#8243; _builder_version=&#8220;4.15&#8243; global_colors_info=&#8220;{}&#8220; custom_padding=&#8220;6px|||||&#8220;][et_pb_row _builder_version=&#8220;4.15.1&#8243; _module_preset=&#8220;default&#8220; global_colors_info=&#8220;{}&#8220;][et_pb_column type=&#8220;4_4&#8243; _builder_version=&#8220;4.15.1&#8243; _module_preset=&#8220;default&#8220; global_colors_info=&#8220;{}&#8220;][et_pb_text _builder_version=&#8220;4.15.1&#8243; _module_preset=&#8220;default&#8220; global_colors_info=&#8220;{}&#8220;]<\/p>\n<h1><strong>Die Schweizer Landesausstellung<\/strong><\/h1>\n<p>[\/et_pb_text][et_pb_text _builder_version=&#8220;4.15.1&#8243; _module_preset=&#8220;default&#8220; global_colors_info=&#8220;{}&#8220;]<\/p>\n<h3><span>Historisches<\/span><\/h3>\n<p><span>Gem\u00e4ss offizieller Z\u00e4hlung wurde die erste Landesausstellung 1883 in Z\u00fcrich durchgef\u00fchrt. Weitere fanden 1896 in Genf, 1914 in Bern, 1939 in Z\u00fcrich, 1964 in Lausanne und 2002 in Biel, Neuenburg, Yverdon-les-Bains sowie Murten statt.<\/span><\/p>\n<p><span>Die nationale Ausstellungstradition geht zur\u00fcck auf die Berner Kunst- und Industrieausstellung von 1804. Die in ihrer Nachfolge stehende dritte Schweizerische Gewerbe- und Industrieausstellung von 1857 gilt bisweilen auch als erste Landesausstellung. Sie ging \u00fcber die \u00e4ltere Form des Verkaufs von Produkten auf Jahrm\u00e4rkten und Messen hinaus und stellte als Ausweis des K\u00f6nnens und Gegenstand der Belehrung auch nicht zum Direktverkauf bestimmte Produkte wie Chronometer, Filter und Ventile, Pressen und Pumpen usw. exemplarisch zur Schau. \u00c4hnliche Ausstellungen entstanden parallel dazu f\u00fcr die Landwirtschaft. Der Anstoss f\u00fcr die erste Landesausstellung ging von lokalen Wirtschaftsverb\u00e4nden und Komitees aus. Das bundesr\u00e4tliche Pr\u00e4sidium der Ausstellungskommission und die Ausrichtung von Bundessubventionen machten diese Landesausstellung wie auch die folgenden zu nationalen Veranstaltungen; allerdings arteten diese nie in gouvernementale Selbstdarstellungen aus. Die Inhalte wurden und werden von ad hoc zusammengestellten Komitees und von gesamtschweizerischen Verb\u00e4nden festgelegt. Die Rolle der Bundesbeh\u00f6rden beschr\u00e4nkte sich darauf, Zeitpunkt und Ort festzulegen sowie Kredite zu sprechen.<\/span><\/p>\n<p><span>Quelle: Historisches Lexikon der Schweiz; weitere Informationen <a href=\"https:\/\/hls-dhs-dss.ch\/de\/articles\/013796\/2010-09-22\/\" target=\"_blank\" rel=\"noopener\">hier<\/a>.<\/span><\/p>\n<p>[\/et_pb_text][et_pb_text _builder_version=&#8220;4.15.1&#8243; _module_preset=&#8220;default&#8220; global_colors_info=&#8220;{}&#8220;]<\/p>\n<h3><span>Die Expo.02 &#8211; Die Schweiz ausstellen<\/span><\/h3>\n<p>Einmal pro Generation leistet sich die Schweiz eine Landesausstellung \u2013 zuletzt 2002 im Drei-Seen-Land Bielersee, Murtensee und Neuenburgersee.\u00a0Wie kein anderes Projekt b\u00fcndelte die Expo.02 vom 15. Mai bis 20. Oktober vielf\u00e4ltige Interessen und Kr\u00e4fte in diesem Land. Architekten, Szenografen, Leute aus Kultur, Politik und Wirtschaft arbeiteten gemeinsam, um die Landesausstellung zu Beginn des neuen Jahrtausends f\u00fcr die Besucherinnen und Besucher zu einem einzigartigen Erlebnis werden zu lassen. Wie schon ihre Vorg\u00e4ngerinnen, war auch die letzte Landesausstellung zur Momentaufnahme der Schweiz, indem sie sich aktueller Fragen und Probleme annahm. Doch die Expo.02 bot nicht nur Nahrung f\u00fcr den Geist, sie war auch ein riesiges Fest, ein unvergessliches Ereignis.<\/p>\n<p><span>Die Ausstellung bestand haupts\u00e4chlich aus f\u00fcnf \u00abArteplage\u00bb genannten Ausstellungsgel\u00e4nden, welche an den Seeufern der St\u00e4dte Biel, Murten, Neuenburg und Yverdon-les-Bains <\/span><span>ausschliesslich f\u00fcr die Dauer der Exposition errichtet wurden. Die f\u00fcnfte Arteplage war eine umgebaute Kiesbarke, <\/span><span>\u00abArteplage mobile du Jura\u00bb genannt, die zwischen den anderen Arteplages verkehrte. Dabei vertrat jede Arteplage einen der f\u00fcnf organisierenden Kantone Bern, Jura, Freiburg, Neuenburg und Waadt. <\/span><a href=\"https:\/\/de.wikipedia.org\/wiki\/Kanton_(Schweiz)\" title=\"Kanton (Schweiz)\"><\/a><\/p>\n<p><span>Quelle: <a href=\"https:\/\/ex-expo.ch\/home\" target=\"_blank\" rel=\"noopener\">Vereinigung der Ehemaligen der Expo.02<\/a> und <a href=\"https:\/\/de.wikipedia.org\/wiki\/Expo.02\" target=\"_blank\" rel=\"noopener\">Wikipedia<\/a><\/span><\/p>\n<p>[\/et_pb_text][\/et_pb_column][\/et_pb_row][et_pb_row column_structure=&#8220;1_2,1_2&#8243; make_equal=&#8220;on&#8220; _builder_version=&#8220;4.15.1&#8243; _module_preset=&#8220;default&#8220; global_colors_info=&#8220;{}&#8220;][et_pb_column type=&#8220;1_2&#8243; _builder_version=&#8220;4.15.1&#8243; _module_preset=&#8220;default&#8220; global_colors_info=&#8220;{}&#8220;][et_pb_video src=&#8220;https:\/\/www.youtube.com\/watch?v=yuE2gDCzBzE&#038;t=24s&#8220; _builder_version=&#8220;4.15.1&#8243; _module_preset=&#8220;default&#8220; global_colors_info=&#8220;{}&#8220;][\/et_pb_video][\/et_pb_column][et_pb_column type=&#8220;1_2&#8243; _builder_version=&#8220;4.15.1&#8243; _module_preset=&#8220;default&#8220; global_colors_info=&#8220;{}&#8220;][et_pb_video src=&#8220;https:\/\/www.youtube.com\/watch?v=xO_lYyZhYwQ&#038;list=PLCF20ACBA6301681E&#8220; _builder_version=&#8220;4.15.1&#8243; _module_preset=&#8220;default&#8220; hover_enabled=&#8220;0&#8243; global_colors_info=&#8220;{}&#8220; sticky_enabled=&#8220;0&#8243;][\/et_pb_video][\/et_pb_column][\/et_pb_row][et_pb_row _builder_version=&#8220;4.15.1&#8243; _module_preset=&#8220;default&#8220; column_structure=&#8220;1_2,1_2&#8243;][et_pb_column _builder_version=&#8220;4.15.1&#8243; _module_preset=&#8220;default&#8220; type=&#8220;1_2&#8243;][et_pb_video src=&#8220;https:\/\/www.youtube.com\/watch?v=YGXze9v1cjQ&#8220; _builder_version=&#8220;4.15.1&#8243; _module_preset=&#8220;default&#8220; hover_enabled=&#8220;0&#8243; global_colors_info=&#8220;{}&#8220; sticky_enabled=&#8220;0&#8243;][\/et_pb_video][\/et_pb_column][et_pb_column _builder_version=&#8220;4.15.1&#8243; _module_preset=&#8220;default&#8220; type=&#8220;1_2&#8243;][\/et_pb_column][\/et_pb_row][\/et_pb_section]<\/p>\n","protected":false},"excerpt":{"rendered":"<p>Ein riesiger Monolith aus rostigem Metall auf dem Murtensee: Skulptur von Jean Nouvel an der Expo.02. \u00a9 N\u00fcssli (Schweiz) AG \u00a9 N\u00fcssli (Schweiz) AGDie Schweizer LandesausstellungHistorisches Gem\u00e4ss offizieller Z\u00e4hlung wurde die erste Landesausstellung 1883 in Z\u00fcrich durchgef\u00fchrt. Weitere fanden 1896 in Genf, 1914 in Bern, 1939 in Z\u00fcrich, 1964 in Lausanne und 2002 in Biel, [&hellip;]<\/p>\n","protected":false},"author":1,"featured_media":0,"parent":0,"menu_order":0,"comment_status":"closed","ping_status":"closed","template":"","meta":{"_et_pb_use_builder":"on","_et_pb_old_content":"","_et_gb_content_width":"","footnotes":""},"class_list":["post-33","page","type-page","status-publish","hentry"],"_links":{"self":[{"href":"https:\/\/saentis-expo02-kreuz.ch\/index.php?rest_route=\/wp\/v2\/pages\/33","targetHints":{"allow":["GET"]}}],"collection":[{"href":"https:\/\/saentis-expo02-kreuz.ch\/index.php?rest_route=\/wp\/v2\/pages"}],"about":[{"href":"https:\/\/saentis-expo02-kreuz.ch\/index.php?rest_route=\/wp\/v2\/types\/page"}],"author":[{"embeddable":true,"href":"https:\/\/saentis-expo02-kreuz.ch\/index.php?rest_route=\/wp\/v2\/users\/1"}],"replies":[{"embeddable":true,"href":"https:\/\/saentis-expo02-kreuz.ch\/index.php?rest_route=%2Fwp%2Fv2%2Fcomments&post=33"}],"version-history":[{"count":15,"href":"https:\/\/saentis-expo02-kreuz.ch\/index.php?rest_route=\/wp\/v2\/pages\/33\/revisions"}],"predecessor-version":[{"id":164,"href":"https:\/\/saentis-expo02-kreuz.ch\/index.php?rest_route=\/wp\/v2\/pages\/33\/revisions\/164"}],"wp:attachment":[{"href":"https:\/\/saentis-expo02-kreuz.ch\/index.php?rest_route=%2Fwp%2Fv2%2Fmedia&parent=33"}],"curies":[{"name":"wp","href":"https:\/\/api.w.org\/{rel}","templated":true}]}}