{"id":10,"date":"2022-03-24T15:30:01","date_gmt":"2022-03-24T15:30:01","guid":{"rendered":"https:\/\/saentis-expo02-kreuz.ch\/?page_id=10"},"modified":"2022-08-02T07:38:02","modified_gmt":"2022-08-02T07:38:02","slug":"startseite","status":"publish","type":"page","link":"https:\/\/saentis-expo02-kreuz.ch\/","title":{"rendered":"Startseite"},"content":{"rendered":"<p>[et_pb_section fb_built=&#8220;1&#8243; _builder_version=&#8220;4.16&#8243; global_colors_info=&#8220;{}&#8220;][et_pb_row _builder_version=&#8220;4.16&#8243; background_size=&#8220;initial&#8220; background_position=&#8220;top_left&#8220; background_repeat=&#8220;repeat&#8220; global_colors_info=&#8220;{}&#8220;][et_pb_column type=&#8220;4_4&#8243; _builder_version=&#8220;4.16&#8243; custom_padding=&#8220;|||&#8220; global_colors_info=&#8220;{}&#8220; custom_padding__hover=&#8220;|||&#8220;][et_pb_image src=&#8220;https:\/\/saentis-expo02-kreuz.ch\/wp-content\/uploads\/2022\/03\/Saentisgipfel-1920&#215;1080-1.jpg&#8220; title_text=&#8220;S\u00e4ntisgipfel 1920&#215;1080&#8243; _builder_version=&#8220;4.16&#8243; _module_preset=&#8220;default&#8220; global_colors_info=&#8220;{}&#8220;][\/et_pb_image][et_pb_divider _builder_version=&#8220;4.16&#8243; _module_preset=&#8220;default&#8220; global_colors_info=&#8220;{}&#8220;][\/et_pb_divider][et_pb_divider show_divider=&#8220;off&#8220; _builder_version=&#8220;4.16&#8243; _module_preset=&#8220;default&#8220; global_colors_info=&#8220;{}&#8220;][\/et_pb_divider][et_pb_text _builder_version=&#8220;4.16&#8243; _module_preset=&#8220;default&#8220; global_colors_info=&#8220;{}&#8220;]<\/p>\n<h1 style=\"text-align: center;\"><strong>Das Kreuz der Schweizer Landesaustellung auf dem S\u00e4ntis<\/strong><\/h1>\n<p>[\/et_pb_text][\/et_pb_column][\/et_pb_row][\/et_pb_section][et_pb_section fb_built=&#8220;1&#8243; _builder_version=&#8220;4.16&#8243; global_colors_info=&#8220;{}&#8220;][et_pb_row column_structure=&#8220;1_4,1_4,1_4,1_4&#8243; _builder_version=&#8220;4.16&#8243; background_size=&#8220;initial&#8220; background_position=&#8220;top_left&#8220; background_repeat=&#8220;repeat&#8220; global_colors_info=&#8220;{}&#8220;][et_pb_column type=&#8220;1_4&#8243; _builder_version=&#8220;4.16&#8243; _module_preset=&#8220;default&#8220; global_colors_info=&#8220;{}&#8220;][et_pb_blurb title=&#8220;Die Expo der Schweiz&#8220; image=&#8220;https:\/\/saentis-expo02-kreuz.ch\/wp-content\/uploads\/2022\/03\/Expo.02-Arteplage.jpg&#8220; _builder_version=&#8220;4.16&#8243; _module_preset=&#8220;default&#8220; global_colors_info=&#8220;{}&#8220;]<\/p>\n<p><span>Seit 1883 veranstaltet die Schweiz etwa alle 25 Jahre eine Landesausstellung &#8222;Expo&#8220;. Dies mit dem Ziel, Kultur, Politik und Wirtschaft des Landes als eine Art Momentaufnahme der Epoche darzustellen. Letztmals im Jahre 2002 vom 15.5.-20.10.2002 und dies mit einem Buss- und Bettags-Gottesdienst. <\/span><span>Mehr dazu <a href=\"https:\/\/saentis-expo02-kreuz.ch\/?page_id=33\"><strong>hier<\/strong><\/a>.<\/span><\/p>\n<p>[\/et_pb_blurb][\/et_pb_column][et_pb_column type=&#8220;1_4&#8243; _builder_version=&#8220;4.16&#8243; custom_padding=&#8220;|||&#8220; global_colors_info=&#8220;{}&#8220; custom_padding__hover=&#8220;|||&#8220;][et_pb_blurb title=&#8220;Buss- und Bettag&#8220; image=&#8220;https:\/\/saentis-expo02-kreuz.ch\/wp-content\/uploads\/2022\/03\/Buss-und-Bettag-auf-dem-Saentis-.jpg&#8220; _builder_version=&#8220;4.16&#8243; _module_preset=&#8220;default&#8220; global_colors_info=&#8220;{}&#8220;]<\/p>\n<p><span>Buss- und Bettage sind in der Schweiz seit dem Sp\u00e4tmittelalter \u00fcblich. Durch diesen gemeinsamen, konfessions\u00fcbergreifenden Feiertag soll Gott Ehre und Dank f\u00fcr das vergangene Jahr zukommen und der Zusammenhalt in der Schweiz mit Gottes Hilfe gest\u00e4rkt werden. Mehr dazu <a href=\"https:\/\/saentis-expo02-kreuz.ch\/?page_id=50\"><strong>hier<\/strong><\/a>.<\/span><\/p>\n<p>[\/et_pb_blurb][\/et_pb_column][et_pb_column type=&#8220;1_4&#8243; _builder_version=&#8220;4.16&#8243; custom_padding=&#8220;|||&#8220; global_colors_info=&#8220;{}&#8220; custom_padding__hover=&#8220;|||&#8220;][et_pb_blurb title=&#8220;Expo.02 Kreuz &#038; S\u00e4ntis&#8220; image=&#8220;https:\/\/saentis-expo02-kreuz.ch\/wp-content\/uploads\/2022\/03\/Buehne-Murten-GD-Bettag-2002-.jpg&#8220; _builder_version=&#8220;4.16&#8243; _module_preset=&#8220;default&#8220; hover_enabled=&#8220;0&#8243; global_colors_info=&#8220;{}&#8220; sticky_enabled=&#8220;0&#8243;]<\/p>\n<p>Das Kreuz des Buss- und Bettags-Gottesdienstes vom 15. September 2002 an der Schweizer Landesausstellung Expo.02 war ein 3\u00d73 Meter grosses \u00abGebetsfenster\u00bb in der Form eines Schweizerkreuzes. Von dort gelangte es in aussergew\u00f6hnlicher Weise auf den S\u00e4ntis. Wie es dazu kam lesen Sie <a href=\"https:\/\/saentis-expo02-kreuz.ch\/?page_id=67\"><strong>hier<\/strong><\/a>.<\/p>\n<p>[\/et_pb_blurb][\/et_pb_column][et_pb_column type=&#8220;1_4&#8243; _builder_version=&#8220;4.16&#8243; custom_padding=&#8220;|||&#8220; global_colors_info=&#8220;{}&#8220; custom_padding__hover=&#8220;|||&#8220;][et_pb_blurb title=&#8220;Feierliche Einweihung&#8220; image=&#8220;https:\/\/saentis-expo02-kreuz.ch\/wp-content\/uploads\/2022\/03\/Saentis-Kreuz-in-Eingangshalle.jpg&#8220; _builder_version=&#8220;4.17.6&#8243; _module_preset=&#8220;default&#8220; hover_enabled=&#8220;0&#8243; global_colors_info=&#8220;{}&#8220; sticky_enabled=&#8220;0&#8243;]<\/p>\n<p>Auf dem S\u00e4ntis wurde das Expo.02 Kreuz am 30. April 2003 feierlich eingeweiht. Der damalige Pr\u00e4sident des Verwaltungrates, Hans H\u00f6hener, begr\u00fcsste die Vertreter von Kirche, Politik, Wirtschaft sowie eine Vielzahl von weiteren G\u00e4ste auf dem S\u00e4ntisgipfel. Alles weitere dazu lesen Sie <a href=\"https:\/\/saentis-expo02-kreuz.ch\/?page_id=88\"><strong>hier.<\/strong><\/a><\/p>\n<p>[\/et_pb_blurb][\/et_pb_column][\/et_pb_row][\/et_pb_section]<\/p>\n","protected":false},"excerpt":{"rendered":"<p>Das Kreuz der Schweizer Landesaustellung auf dem S\u00e4ntisSeit 1883 veranstaltet die Schweiz etwa alle 25 Jahre eine Landesausstellung &#8222;Expo&#8220;. Dies mit dem Ziel, Kultur, Politik und Wirtschaft des Landes als eine Art Momentaufnahme der Epoche darzustellen. Letztmals im Jahre 2002 vom 15.5.-20.10.2002 und dies mit einem Buss- und Bettags-Gottesdienst. Mehr dazu hier.Buss- und Bettage sind [&hellip;]<\/p>\n","protected":false},"author":1,"featured_media":0,"parent":0,"menu_order":0,"comment_status":"closed","ping_status":"closed","template":"","meta":{"_et_pb_use_builder":"on","_et_pb_old_content":"","_et_gb_content_width":"","footnotes":""},"class_list":["post-10","page","type-page","status-publish","hentry"],"_links":{"self":[{"href":"https:\/\/saentis-expo02-kreuz.ch\/index.php?rest_route=\/wp\/v2\/pages\/10","targetHints":{"allow":["GET"]}}],"collection":[{"href":"https:\/\/saentis-expo02-kreuz.ch\/index.php?rest_route=\/wp\/v2\/pages"}],"about":[{"href":"https:\/\/saentis-expo02-kreuz.ch\/index.php?rest_route=\/wp\/v2\/types\/page"}],"author":[{"embeddable":true,"href":"https:\/\/saentis-expo02-kreuz.ch\/index.php?rest_route=\/wp\/v2\/users\/1"}],"replies":[{"embeddable":true,"href":"https:\/\/saentis-expo02-kreuz.ch\/index.php?rest_route=%2Fwp%2Fv2%2Fcomments&post=10"}],"version-history":[{"count":16,"href":"https:\/\/saentis-expo02-kreuz.ch\/index.php?rest_route=\/wp\/v2\/pages\/10\/revisions"}],"predecessor-version":[{"id":186,"href":"https:\/\/saentis-expo02-kreuz.ch\/index.php?rest_route=\/wp\/v2\/pages\/10\/revisions\/186"}],"wp:attachment":[{"href":"https:\/\/saentis-expo02-kreuz.ch\/index.php?rest_route=%2Fwp%2Fv2%2Fmedia&parent=10"}],"curies":[{"name":"wp","href":"https:\/\/api.w.org\/{rel}","templated":true}]}}